{"id":695,"date":"2025-10-04T16:23:11","date_gmt":"2025-10-04T16:23:11","guid":{"rendered":"https:\/\/hukuknotum.com\/?post_type=product&#038;p=695"},"modified":"2025-10-04T20:10:30","modified_gmt":"2025-10-04T20:10:30","slug":"ceza-usul-muhakemesi-2-vize-final","status":"publish","type":"product","link":"https:\/\/hukuknotum.com\/?product=ceza-usul-muhakemesi-2-vize-final","title":{"rendered":"CEZA USUL  MUHAKEMES\u0130 2 V\u0130ZE F\u0130NAL"},"content":{"rendered":"<ul>\n<li>2025-2026 D\u00f6nemine g\u00f6re haz\u0131rlanm\u0131\u015ft\u0131r.<\/li>\n<\/ul>\n","protected":false},"excerpt":{"rendered":"<p>2025-2026 D\u00f6nemine g\u00f6re haz\u0131rlanm\u0131\u015ft\u0131r.<\/p>\n","protected":false},"featured_media":773,"template":"","meta":[],"product_brand":[],"product_cat":[30],"product_tag":[],"class_list":{"0":"post-695","1":"product","2":"type-product","3":"status-publish","4":"has-post-thumbnail","6":"product_cat-hukuk-4-sinif","8":"first","9":"instock","10":"shipping-taxable","11":"purchasable","12":"product-type-variable"},"_links":{"self":[{"href":"https:\/\/hukuknotum.com\/index.php?rest_route=\/wp\/v2\/product\/695","targetHints":{"allow":["GET"]}}],"collection":[{"href":"https:\/\/hukuknotum.com\/index.php?rest_route=\/wp\/v2\/product"}],"about":[{"href":"https:\/\/hukuknotum.com\/index.php?rest_route=\/wp\/v2\/types\/product"}],"wp:featuredmedia":[{"embeddable":true,"href":"https:\/\/hukuknotum.com\/index.php?rest_route=\/wp\/v2\/media\/773"}],"wp:attachment":[{"href":"https:\/\/hukuknotum.com\/index.php?rest_route=%2Fwp%2Fv2%2Fmedia&parent=695"}],"wp:term":[{"taxonomy":"product_brand","embeddable":true,"href":"https:\/\/hukuknotum.com\/index.php?rest_route=%2Fwp%2Fv2%2Fproduct_brand&post=695"},{"taxonomy":"product_cat","embeddable":true,"href":"https:\/\/hukuknotum.com\/index.php?rest_route=%2Fwp%2Fv2%2Fproduct_cat&post=695"},{"taxonomy":"product_tag","embeddable":true,"href":"https:\/\/hukuknotum.com\/index.php?rest_route=%2Fwp%2Fv2%2Fproduct_tag&post=695"}],"curies":[{"name":"wp","href":"https:\/\/api.w.org\/{rel}","templated":true}]}}