{"id":481,"date":"2025-10-04T16:22:06","date_gmt":"2025-10-04T16:22:06","guid":{"rendered":"https:\/\/hukuknotum.com\/?post_type=product&#038;p=481"},"modified":"2025-10-04T16:31:45","modified_gmt":"2025-10-04T16:31:45","slug":"roma-hukuku-2-vize-final","status":"publish","type":"product","link":"https:\/\/hukuknotum.com\/?product=roma-hukuku-2-vize-final","title":{"rendered":"Roma Hukuku 2 Vize &#8211; Final"},"content":{"rendered":"<ul>\n<li>Sayfa Say\u0131s\u0131 : 86<\/li>\n<li>Ayr\u0131nt\u0131l\u0131 Roma hukuku konular\u0131n\u0131 i\u00e7erir.<\/li>\n<\/ul>\n","protected":false},"excerpt":{"rendered":"<p>Sayfa Say\u0131s\u0131 : 86 Ayr\u0131nt\u0131l\u0131 Roma hukuku konular\u0131n\u0131 i\u00e7erir.<\/p>\n","protected":false},"featured_media":105,"template":"","meta":[],"product_brand":[],"product_cat":[29],"product_tag":[],"class_list":{"0":"post-481","1":"product","2":"type-product","3":"status-publish","4":"has-post-thumbnail","6":"product_cat-hukuk-1-sinif","8":"first","9":"instock","10":"shipping-taxable","11":"purchasable","12":"product-type-variable"},"_links":{"self":[{"href":"https:\/\/hukuknotum.com\/index.php?rest_route=\/wp\/v2\/product\/481","targetHints":{"allow":["GET"]}}],"collection":[{"href":"https:\/\/hukuknotum.com\/index.php?rest_route=\/wp\/v2\/product"}],"about":[{"href":"https:\/\/hukuknotum.com\/index.php?rest_route=\/wp\/v2\/types\/product"}],"wp:featuredmedia":[{"embeddable":true,"href":"https:\/\/hukuknotum.com\/index.php?rest_route=\/wp\/v2\/media\/105"}],"wp:attachment":[{"href":"https:\/\/hukuknotum.com\/index.php?rest_route=%2Fwp%2Fv2%2Fmedia&parent=481"}],"wp:term":[{"taxonomy":"product_brand","embeddable":true,"href":"https:\/\/hukuknotum.com\/index.php?rest_route=%2Fwp%2Fv2%2Fproduct_brand&post=481"},{"taxonomy":"product_cat","embeddable":true,"href":"https:\/\/hukuknotum.com\/index.php?rest_route=%2Fwp%2Fv2%2Fproduct_cat&post=481"},{"taxonomy":"product_tag","embeddable":true,"href":"https:\/\/hukuknotum.com\/index.php?rest_route=%2Fwp%2Fv2%2Fproduct_tag&post=481"}],"curies":[{"name":"wp","href":"https:\/\/api.w.org\/{rel}","templated":true}]}}