{"id":480,"date":"2025-10-04T16:22:06","date_gmt":"2025-10-04T16:22:06","guid":{"rendered":"https:\/\/hukuknotum.com\/?post_type=product&#038;p=480"},"modified":"2025-10-04T19:44:27","modified_gmt":"2025-10-04T19:44:27","slug":"international-law-2-kitap-chapter-7-8-9","status":"publish","type":"product","link":"https:\/\/hukuknotum.com\/?product=international-law-2-kitap-chapter-7-8-9","title":{"rendered":"\u0130NTERNAT\u0130ONAL LAW 2  CHAPTER 7-8-9"},"content":{"rendered":"<ul>\n<li>2025-2026 D\u00f6nemine g\u00f6re haz\u0131rlanm\u0131\u015ft\u0131r.<\/li>\n<li>CHAPTER 7*8*9<\/li>\n<\/ul>\n","protected":false},"excerpt":{"rendered":"<p>2025-2026 D\u00f6nemine g\u00f6re haz\u0131rlanm\u0131\u015ft\u0131r. CHAPTER 7*8*9<\/p>\n","protected":false},"featured_media":752,"template":"","meta":[],"product_brand":[],"product_cat":[36],"product_tag":[],"class_list":{"0":"post-480","1":"product","2":"type-product","3":"status-publish","4":"has-post-thumbnail","6":"product_cat-hukuk-2-sinif","8":"first","9":"instock","10":"shipping-taxable","11":"purchasable","12":"product-type-variable"},"_links":{"self":[{"href":"https:\/\/hukuknotum.com\/index.php?rest_route=\/wp\/v2\/product\/480","targetHints":{"allow":["GET"]}}],"collection":[{"href":"https:\/\/hukuknotum.com\/index.php?rest_route=\/wp\/v2\/product"}],"about":[{"href":"https:\/\/hukuknotum.com\/index.php?rest_route=\/wp\/v2\/types\/product"}],"wp:featuredmedia":[{"embeddable":true,"href":"https:\/\/hukuknotum.com\/index.php?rest_route=\/wp\/v2\/media\/752"}],"wp:attachment":[{"href":"https:\/\/hukuknotum.com\/index.php?rest_route=%2Fwp%2Fv2%2Fmedia&parent=480"}],"wp:term":[{"taxonomy":"product_brand","embeddable":true,"href":"https:\/\/hukuknotum.com\/index.php?rest_route=%2Fwp%2Fv2%2Fproduct_brand&post=480"},{"taxonomy":"product_cat","embeddable":true,"href":"https:\/\/hukuknotum.com\/index.php?rest_route=%2Fwp%2Fv2%2Fproduct_cat&post=480"},{"taxonomy":"product_tag","embeddable":true,"href":"https:\/\/hukuknotum.com\/index.php?rest_route=%2Fwp%2Fv2%2Fproduct_tag&post=480"}],"curies":[{"name":"wp","href":"https:\/\/api.w.org\/{rel}","templated":true}]}}