{"id":476,"date":"2025-10-04T16:22:06","date_gmt":"2025-10-04T16:22:06","guid":{"rendered":"https:\/\/hukuknotum.com\/?post_type=product&#038;p=476"},"modified":"2025-10-04T20:18:59","modified_gmt":"2025-10-04T20:18:59","slug":"ozel-hukuk-uygulamalari-1-vize-final","status":"publish","type":"product","link":"https:\/\/hukuknotum.com\/?product=ozel-hukuk-uygulamalari-1-vize-final","title":{"rendered":"\u00d6ZEL HUKUK UYGULAMALARI 1 V\u0130ZE-F\u0130NAL"},"content":{"rendered":"<ul>\n<li>2025-2026 D\u00f6nemine g\u00f6re haz\u0131rlanm\u0131\u015ft\u0131r.<\/li>\n<\/ul>\n","protected":false},"excerpt":{"rendered":"<p>2025-2026 D\u00f6nemine g\u00f6re haz\u0131rlanm\u0131\u015ft\u0131r.<\/p>\n","protected":false},"featured_media":779,"template":"","meta":[],"product_brand":[],"product_cat":[30],"product_tag":[],"class_list":{"0":"post-476","1":"product","2":"type-product","3":"status-publish","4":"has-post-thumbnail","6":"product_cat-hukuk-4-sinif","8":"first","9":"instock","10":"shipping-taxable","11":"purchasable","12":"product-type-variable"},"_links":{"self":[{"href":"https:\/\/hukuknotum.com\/index.php?rest_route=\/wp\/v2\/product\/476","targetHints":{"allow":["GET"]}}],"collection":[{"href":"https:\/\/hukuknotum.com\/index.php?rest_route=\/wp\/v2\/product"}],"about":[{"href":"https:\/\/hukuknotum.com\/index.php?rest_route=\/wp\/v2\/types\/product"}],"wp:featuredmedia":[{"embeddable":true,"href":"https:\/\/hukuknotum.com\/index.php?rest_route=\/wp\/v2\/media\/779"}],"wp:attachment":[{"href":"https:\/\/hukuknotum.com\/index.php?rest_route=%2Fwp%2Fv2%2Fmedia&parent=476"}],"wp:term":[{"taxonomy":"product_brand","embeddable":true,"href":"https:\/\/hukuknotum.com\/index.php?rest_route=%2Fwp%2Fv2%2Fproduct_brand&post=476"},{"taxonomy":"product_cat","embeddable":true,"href":"https:\/\/hukuknotum.com\/index.php?rest_route=%2Fwp%2Fv2%2Fproduct_cat&post=476"},{"taxonomy":"product_tag","embeddable":true,"href":"https:\/\/hukuknotum.com\/index.php?rest_route=%2Fwp%2Fv2%2Fproduct_tag&post=476"}],"curies":[{"name":"wp","href":"https:\/\/api.w.org\/{rel}","templated":true}]}}