{"id":415,"date":"2025-10-04T16:21:49","date_gmt":"2025-10-04T16:21:49","guid":{"rendered":"https:\/\/hukuknotum.com\/?post_type=product&#038;p=415"},"modified":"2025-10-04T21:52:28","modified_gmt":"2025-10-04T21:52:28","slug":"htr-302-ataturk-ilkeleri-inkilap-tarihi-2","status":"publish","type":"product","link":"https:\/\/hukuknotum.com\/?product=htr-302-ataturk-ilkeleri-inkilap-tarihi-2","title":{"rendered":"HTR 302 Atat\u00fcrk \u0130lkeleri \u0130nk\u0131lap Tarihi 2"},"content":{"rendered":"<ul>\n<li><strong>Sayfa Say\u0131s\u0131 :84<\/strong><\/li>\n<\/ul>\n","protected":false},"excerpt":{"rendered":"<p>Sayfa Say\u0131s\u0131 :84<\/p>\n","protected":false},"featured_media":829,"template":"","meta":[],"product_brand":[],"product_cat":[33],"product_tag":[],"class_list":{"0":"post-415","1":"product","2":"type-product","3":"status-publish","4":"has-post-thumbnail","6":"product_cat-ortak-dersler","8":"first","9":"instock","10":"shipping-taxable","11":"purchasable","12":"product-type-variable"},"_links":{"self":[{"href":"https:\/\/hukuknotum.com\/index.php?rest_route=\/wp\/v2\/product\/415","targetHints":{"allow":["GET"]}}],"collection":[{"href":"https:\/\/hukuknotum.com\/index.php?rest_route=\/wp\/v2\/product"}],"about":[{"href":"https:\/\/hukuknotum.com\/index.php?rest_route=\/wp\/v2\/types\/product"}],"wp:featuredmedia":[{"embeddable":true,"href":"https:\/\/hukuknotum.com\/index.php?rest_route=\/wp\/v2\/media\/829"}],"wp:attachment":[{"href":"https:\/\/hukuknotum.com\/index.php?rest_route=%2Fwp%2Fv2%2Fmedia&parent=415"}],"wp:term":[{"taxonomy":"product_brand","embeddable":true,"href":"https:\/\/hukuknotum.com\/index.php?rest_route=%2Fwp%2Fv2%2Fproduct_brand&post=415"},{"taxonomy":"product_cat","embeddable":true,"href":"https:\/\/hukuknotum.com\/index.php?rest_route=%2Fwp%2Fv2%2Fproduct_cat&post=415"},{"taxonomy":"product_tag","embeddable":true,"href":"https:\/\/hukuknotum.com\/index.php?rest_route=%2Fwp%2Fv2%2Fproduct_tag&post=415"}],"curies":[{"name":"wp","href":"https:\/\/api.w.org\/{rel}","templated":true}]}}