{"id":387,"date":"2025-10-04T16:21:40","date_gmt":"2025-10-04T16:21:40","guid":{"rendered":"https:\/\/hukuknotum.com\/?post_type=product&#038;p=387"},"modified":"2025-10-04T19:07:50","modified_gmt":"2025-10-04T19:07:50","slug":"legal-terminology-1-slayt","status":"publish","type":"product","link":"https:\/\/hukuknotum.com\/?product=legal-terminology-1-slayt","title":{"rendered":"Legal Terminology 1 Slayt"},"content":{"rendered":"<ul>\n<li><strong>Sayfa Say\u0131s\u0131: 91<\/strong><\/li>\n<li>2025-2026 D\u00f6nemine g\u00f6re haz\u0131rlanm\u0131\u015ft\u0131r.<\/li>\n<\/ul>\n","protected":false},"excerpt":{"rendered":"<p>Sayfa Say\u0131s\u0131: 91 2025-2026 D\u00f6nemine g\u00f6re haz\u0131rlanm\u0131\u015ft\u0131r.<\/p>\n","protected":false},"featured_media":746,"template":"","meta":[],"product_brand":[],"product_cat":[29],"product_tag":[],"class_list":{"0":"post-387","1":"product","2":"type-product","3":"status-publish","4":"has-post-thumbnail","6":"product_cat-hukuk-1-sinif","8":"first","9":"instock","10":"shipping-taxable","11":"purchasable","12":"product-type-variable"},"_links":{"self":[{"href":"https:\/\/hukuknotum.com\/index.php?rest_route=\/wp\/v2\/product\/387","targetHints":{"allow":["GET"]}}],"collection":[{"href":"https:\/\/hukuknotum.com\/index.php?rest_route=\/wp\/v2\/product"}],"about":[{"href":"https:\/\/hukuknotum.com\/index.php?rest_route=\/wp\/v2\/types\/product"}],"wp:featuredmedia":[{"embeddable":true,"href":"https:\/\/hukuknotum.com\/index.php?rest_route=\/wp\/v2\/media\/746"}],"wp:attachment":[{"href":"https:\/\/hukuknotum.com\/index.php?rest_route=%2Fwp%2Fv2%2Fmedia&parent=387"}],"wp:term":[{"taxonomy":"product_brand","embeddable":true,"href":"https:\/\/hukuknotum.com\/index.php?rest_route=%2Fwp%2Fv2%2Fproduct_brand&post=387"},{"taxonomy":"product_cat","embeddable":true,"href":"https:\/\/hukuknotum.com\/index.php?rest_route=%2Fwp%2Fv2%2Fproduct_cat&post=387"},{"taxonomy":"product_tag","embeddable":true,"href":"https:\/\/hukuknotum.com\/index.php?rest_route=%2Fwp%2Fv2%2Fproduct_tag&post=387"}],"curies":[{"name":"wp","href":"https:\/\/api.w.org\/{rel}","templated":true}]}}