{"id":385,"date":"2025-10-04T16:21:40","date_gmt":"2025-10-04T16:21:40","guid":{"rendered":"https:\/\/hukuknotum.com\/?post_type=product&#038;p=385"},"modified":"2025-10-04T19:05:10","modified_gmt":"2025-10-04T19:05:10","slug":"hukuka-giris-vize-final","status":"publish","type":"product","link":"https:\/\/hukuknotum.com\/?product=hukuka-giris-vize-final","title":{"rendered":"Hukuka Ba\u015flang\u0131c\u0131  Vize &#8211; Final"},"content":{"rendered":"<ul>\n<li><strong>Sayfa Say\u0131s\u0131 60<\/strong><\/li>\n<li>2025-2026 D\u00f6nemine g\u00f6re haz\u0131rlanm\u0131\u015ft\u0131r.<\/li>\n<\/ul>\n","protected":false},"excerpt":{"rendered":"<p>Sayfa Say\u0131s\u0131 60 2025-2026 D\u00f6nemine g\u00f6re haz\u0131rlanm\u0131\u015ft\u0131r.<\/p>\n","protected":false},"featured_media":115,"template":"","meta":[],"product_brand":[],"product_cat":[29],"product_tag":[],"class_list":{"0":"post-385","1":"product","2":"type-product","3":"status-publish","4":"has-post-thumbnail","6":"product_cat-hukuk-1-sinif","8":"first","9":"instock","10":"shipping-taxable","11":"purchasable","12":"product-type-variable"},"_links":{"self":[{"href":"https:\/\/hukuknotum.com\/index.php?rest_route=\/wp\/v2\/product\/385","targetHints":{"allow":["GET"]}}],"collection":[{"href":"https:\/\/hukuknotum.com\/index.php?rest_route=\/wp\/v2\/product"}],"about":[{"href":"https:\/\/hukuknotum.com\/index.php?rest_route=\/wp\/v2\/types\/product"}],"wp:featuredmedia":[{"embeddable":true,"href":"https:\/\/hukuknotum.com\/index.php?rest_route=\/wp\/v2\/media\/115"}],"wp:attachment":[{"href":"https:\/\/hukuknotum.com\/index.php?rest_route=%2Fwp%2Fv2%2Fmedia&parent=385"}],"wp:term":[{"taxonomy":"product_brand","embeddable":true,"href":"https:\/\/hukuknotum.com\/index.php?rest_route=%2Fwp%2Fv2%2Fproduct_brand&post=385"},{"taxonomy":"product_cat","embeddable":true,"href":"https:\/\/hukuknotum.com\/index.php?rest_route=%2Fwp%2Fv2%2Fproduct_cat&post=385"},{"taxonomy":"product_tag","embeddable":true,"href":"https:\/\/hukuknotum.com\/index.php?rest_route=%2Fwp%2Fv2%2Fproduct_tag&post=385"}],"curies":[{"name":"wp","href":"https:\/\/api.w.org\/{rel}","templated":true}]}}