{"id":384,"date":"2025-10-04T16:21:40","date_gmt":"2025-10-04T16:21:40","guid":{"rendered":"https:\/\/hukuknotum.com\/?post_type=product&#038;p=384"},"modified":"2025-10-04T19:04:24","modified_gmt":"2025-10-04T19:04:24","slug":"genel-kamu-hukuku-2-vize-final","status":"publish","type":"product","link":"https:\/\/hukuknotum.com\/?product=genel-kamu-hukuku-2-vize-final","title":{"rendered":"Genel Kamu Hukuku 2 Vize &#8211; Final"},"content":{"rendered":"<ul>\n<li><strong>Sayfa Say\u0131s\u0131 20<\/strong><\/li>\n<li>2023-2024 D\u00f6nemi \u00d6\u011fretim G\u00f6revlilerine G\u00f6re Haz\u0131rlanm\u0131\u015ft\u0131r.<\/li>\n<\/ul>\n<p>&nbsp;<\/p>\n","protected":false},"excerpt":{"rendered":"<p>Sayfa Say\u0131s\u0131 20 2023-2024 D\u00f6nemi \u00d6\u011fretim G\u00f6revlilerine G\u00f6re Haz\u0131rlanm\u0131\u015ft\u0131r. &nbsp;<\/p>\n","protected":false},"featured_media":114,"template":"","meta":[],"product_brand":[],"product_cat":[29],"product_tag":[],"class_list":{"0":"post-384","1":"product","2":"type-product","3":"status-publish","4":"has-post-thumbnail","6":"product_cat-hukuk-1-sinif","8":"first","9":"instock","10":"shipping-taxable","11":"purchasable","12":"product-type-variable"},"_links":{"self":[{"href":"https:\/\/hukuknotum.com\/index.php?rest_route=\/wp\/v2\/product\/384","targetHints":{"allow":["GET"]}}],"collection":[{"href":"https:\/\/hukuknotum.com\/index.php?rest_route=\/wp\/v2\/product"}],"about":[{"href":"https:\/\/hukuknotum.com\/index.php?rest_route=\/wp\/v2\/types\/product"}],"wp:featuredmedia":[{"embeddable":true,"href":"https:\/\/hukuknotum.com\/index.php?rest_route=\/wp\/v2\/media\/114"}],"wp:attachment":[{"href":"https:\/\/hukuknotum.com\/index.php?rest_route=%2Fwp%2Fv2%2Fmedia&parent=384"}],"wp:term":[{"taxonomy":"product_brand","embeddable":true,"href":"https:\/\/hukuknotum.com\/index.php?rest_route=%2Fwp%2Fv2%2Fproduct_brand&post=384"},{"taxonomy":"product_cat","embeddable":true,"href":"https:\/\/hukuknotum.com\/index.php?rest_route=%2Fwp%2Fv2%2Fproduct_cat&post=384"},{"taxonomy":"product_tag","embeddable":true,"href":"https:\/\/hukuknotum.com\/index.php?rest_route=%2Fwp%2Fv2%2Fproduct_tag&post=384"}],"curies":[{"name":"wp","href":"https:\/\/api.w.org\/{rel}","templated":true}]}}